{"id":1295,"date":"2016-09-08T10:42:15","date_gmt":"2016-09-08T08:42:15","guid":{"rendered":"http:\/\/projectefragments.com\/fragments_adm\/es\/?page_id=1295"},"modified":"2016-09-11T16:00:37","modified_gmt":"2016-09-11T14:00:37","slug":"politica-de-cookies","status":"publish","type":"page","link":"http:\/\/projectefragments.com\/es\/politica-de-cookies\/","title":{"rendered":"Pol\u00edtica de cookies"},"content":{"rendered":"<h3><strong>Descripci\u00f3n de cookies<\/strong><\/h3>\n<p>Una \u201cCookie\u201d es un peque\u00f1o archivo de texto que un sitio web almacena en el navegador del usuario, facilitando la navegaci\u00f3n por una p\u00e1gina web y son esenciales para el funcionamiento de internet.<\/p>\n<p>Las cookies se utilizan, por ejemplo, para recordar los gustos de los usuarios en la web: idioma, navegador utilizado; analizar los h\u00e1bitos y comportamientos del usuario para mejorar los servicios ofrecidos, o para adecuar los contenidos de una p\u00e1gina web a las preferencias del visitante.<\/p>\n<p>Las cookies se pueden catalogar de la siguiente manera:<\/p>\n<p><strong>Seg\u00fan la entidad que la gestiona:<\/strong><\/p>\n<ul>\n<li><strong>Cookies propias:<\/strong> Son aquellas que se env\u00edan a tu equipo desde nuestros propios equipos o dominios y desde el que prestamos el servicio que nos solicitas.<\/li>\n<li><strong>Cookies de terceros:<\/strong> Son aquellas que se env\u00edan a tu equipo desde un equipo o dominio que no es gestionado por nosotros, sino por otra entidad colaboradora. Como por ejemplo, las usadas por redes sociales, o por contenido externo como los videos almacenados en Youtube.<\/li>\n<\/ul>\n<p><strong>Seg\u00fan el plazo de tiempo que permanecen activadas:<\/strong><\/p>\n<ul>\n<li><strong>Cookies de sesi\u00f3n:<\/strong> Son cookies temporales que permanecen en el archivo de cookies de tu navegador hasta que abandonas la p\u00e1gina web, por lo que ninguna queda registrada en el disco duro de tu ordenador. La informaci\u00f3n obtenida por medio de estas cookies, sirven para analizar pautas de tr\u00e1fico en la web. A la larga, esto nos permite proporcionar una mejor experiencia para mejorar el contenido y facilitar su uso.<\/li>\n<li><strong>Cookies persistentes:<\/strong> son almacenadas en el disco duro y nuestra web las lee cada vez que realizas una nueva visita. Una web permanente posee una fecha de expiraci\u00f3n determinada. La cookie dejar\u00e1 de funcionar despu\u00e9s de esa fecha. Estas cookies las utilizamos, generalmente, para facilitar los servicios de compra y registro.<\/li>\n<\/ul>\n<p><strong>Seg\u00fan su finalidad:<\/strong><\/p>\n<ul>\n<li><strong>Cookies t\u00e9cnicas:<\/strong> Son aquellas necesarias para la navegaci\u00f3n y el buen funcionamiento de nuestra p\u00e1gina web. Permiten por ejemplo, controlar el tr\u00e1fico y la comunicaci\u00f3n de datos, acceder a partes de acceso restringido, realizar el proceso de compra de un pedido, utilizar elementos de seguridad, almacenar contenidos para poder difundir v\u00eddeos o compartir contenidos a trav\u00e9s de redes sociales.<\/li>\n<li><strong>Cookies de personalizaci\u00f3n:<\/strong> Son aqu\u00e9llas que te permiten acceder al servicio con unas caracter\u00edsticas predefinidas en funci\u00f3n de una serie de criterios, como por ejemplo el idioma, el tipo de navegador a trav\u00e9s del cual se accede al servicio, la configuraci\u00f3n regional desde donde se accede al servicio, etc.<\/li>\n<li><strong>Cookies de an\u00e1lisis:<\/strong> Son aqu\u00e9llas que nos permiten cuantificar el n\u00famero de usuarios y as\u00ed realizar la medici\u00f3n y an\u00e1lisis estad\u00edstico de la utilizaci\u00f3n que hacen los usuarios de los servicios prestados. Para ello se analiza su navegaci\u00f3n en nuestra p\u00e1gina web con el fin de mejorar la oferta de productos y servicios que ofrecemos.<\/li>\n<li><strong>Cookies publicitarias:<\/strong> Son aqu\u00e9llas que permiten la gesti\u00f3n, de la forma m\u00e1s eficaz posible, de los espacios publicitarios que se pudieran incluir en nuestra p\u00e1gina web.<\/li>\n<li><strong>Cookies de publicidad comportamental:<\/strong> Estas cookies almacenan informaci\u00f3n del comportamiento de los usuarios obtenida a trav\u00e9s de la observaci\u00f3n continuada. Gracias a ellas, podemos conocer los h\u00e1bitos de navegaci\u00f3n en internet y mostrarte publicidad relacionada con tu perfil de navegaci\u00f3n.<\/li>\n<\/ul>\n<div class=\"wpb_text_column wpb_content_element \">\n<div class=\"wpb_wrapper\">\n<h3><strong>\u00bfQu\u00e9 cookies utilizamos y con qu\u00e9 finalidades?<\/strong><\/h3>\n<p>Nuestra web utiliza los siguientes tipos de cookies:<\/p>\n<ul>\n<li><strong>Cookies propias:<\/strong> son cookies estrictamente necesarias. Permiten la interactuaci\u00f3n del usuario por el sitio web utilizando todas sus funciones.<\/li>\n<li><strong>Cookies Anal\u00edticas:<\/strong> son cookies utilizadas para el an\u00e1lisis, investigaci\u00f3n o estad\u00edsticas con el fin de saber secciones m\u00e1s visitadas, puntos de conexi\u00f3n, etc y as\u00ed poder mejorar el portal web.<\/li>\n<li><strong>Cookies de complementos:<\/strong> son cookies utilizadas por complementos externos instalados en la web para su buen funcionamiento, como por ejemplo mostrar el cartel informativo sobre el uso de cookies.<\/li>\n<li><strong>Cookies de redes sociales:<\/strong> son cookies utilizadas para identificarte como usuario en la red social y poder interactuar a trav\u00e9s de tu perfil a trav\u00e9s de las APIs instaladas.<\/li>\n<\/ul>\n<\/div>\n<\/div>\n<div class=\"wpb_text_column wpb_content_element \">\n<div class=\"wpb_wrapper\">\n<h3><strong>\u00bfDe qui\u00e9n son las cookies que utilizamos?<\/strong><\/h3>\n<p>A continuaci\u00f3n se detallan las cookies utilizadas por este sitio web junto con la finalidad y duraci\u00f3n de cada una de ellas:<\/p>\n<ul>\n<li><strong>projectefragments.com<\/strong> son cookies t\u00e9cnicas y de seguridad propias de nuestra web para su buen funcionamiento como por ejemplo recordar al usuario y el idioma, etc. Algunas de estas cookies son de sesi\u00f3n y otras son persistentes para recordar las preferencias del usuario. Estas cookies son:<\/li>\n<li><strong>Google Analytics (de Google Inc.)<\/strong> con las que realizamos el an\u00e1lisis de la audiencia y navegaci\u00f3n de nuestra p\u00e1gina. Esta empresa puede utilizar estos datos para mejorar sus propios servicios y para ofrecer servicios a otras empresas y mostrarte publicidad cuando navegues por internet en base a tu historial de navegaci\u00f3n. Estas cookies tienen una duraci\u00f3n persistente y son necesarias para el correcto funcionamiento de los complementos de Google. Estas cookies son _ga; _gat; PREF; NID; SID; HSID; SSID; APISID; SAPISID.<\/li>\n<\/ul>\n<p>NOTA: Esta lista se actualizar\u00e1 con la mayor celeridad posible a medida que cambien los servicios del sitio web ofrecidos en el mismo. Sin embargo, ocasionalmente durante esta actualizaci\u00f3n puede ser que la lista no incluya una cookie, aunque siempre se referir\u00e1 a cookies con prop\u00f3sitos id\u00e9nticos a los registrados en esta lista.<\/p>\n<\/div>\n<\/div>\n<div class=\"wpb_text_column wpb_content_element \">\n<div class=\"wpb_wrapper\">\n<h3><strong>Formas de bloquear y limitar el uso de cookies<\/strong><\/h3>\n<p>Es importante destacar que estas tecnolog\u00edas no son intrusivas, ya que toda la informaci\u00f3n obtenida a trav\u00e9s de las cookies es totalmente an\u00f3nima, y en ning\u00fan caso puede ser asociada a un usuario concreto e identificado. Esta informaci\u00f3n permite a PROJECTE FRAGMENTS\u00a0adaptar y mejorar sus servicios a los intereses de los usuarios. No obstante, el usuario tiene la opci\u00f3n de impedir la generaci\u00f3n de cookies, mediante la selecci\u00f3n de la correspondiente opci\u00f3n en su programa navegador.PROJECTE FRAGMENTS informa que en el caso de que deshabilite el uso de cookies la navegaci\u00f3n puede ser m\u00e1s lenta de lo habitual.<\/p>\n<p>Concretamente, todos los navegadores permiten hacer cambios que permiten desactivar la configuraci\u00f3n de las cookies. Estos ajustes se encuentran ubicados en las \u201copciones\u201d o \u201cpreferencias\u201d del men\u00fa de su navegador.<\/p>\n<p>A continuaci\u00f3n le mostramos mediante enlaces la forma de deshabilitar las cookies siguiendo las instrucciones de los navegadores m\u00e1s utilizados:<\/p>\n<ul>\n<li><a href=\"http:\/\/windows.microsoft.com\/es-es\/windows-vista\/block-or-allow-cookies\" target=\"_blank\">Internet Explorer<\/a><\/li>\n<li><a href=\"http:\/\/support.mozilla.org\/en-us\/kb\/cookies-information-websites-store-on-your-computer?redirectlocale=en-us&amp;redirectslug=cookies\" target=\"_blank\">Mozilla Firefox<\/a><\/li>\n<li><a href=\"https:\/\/support.google.com\/chrome\/answer\/95647?hl=es\" target=\"_blank\">Google Chrome<\/a><\/li>\n<li><a href=\"http:\/\/support.apple.com\/kb\/ph11913\" target=\"_blank\">Safari<\/a><\/li>\n<li><a href=\"http:\/\/support.apple.com\/kb\/ht1677?viewlocale=es_es\" target=\"_blank\">Safari para IOS (iPhone y iPad)<\/a><\/li>\n<\/ul>\n<p>En cambio, si usted desea bloquear las cookies anal\u00edticas de Google, puede instalarse un complemento en su navegador desarrollado siguiendo las instrucciones indicadas en el siguiente\u00a0<a href=\"https:\/\/tools.google.com\/dlpage\/gaoptout\" target=\"_blank\">enlace<\/a>.<\/p>\n<p>Por otra parte, respecto a los complementos de entidades externas (como por ejemplo los servicios de Google Inc) utilizados en nuestro portal web recomendamos a todos los usuarios que accedan a las pol\u00edticas de privacidad de cada proveedor de los servicios para que obtenga mayor informaci\u00f3n:<\/p>\n<ul>\n<li><a href=\"http:\/\/www.google.es\/intl\/es\/policies\/privacy\/\">http:\/\/www.google.es\/intl\/es\/policies\/privacy\/<\/a><\/li>\n<\/ul>\n<\/div>\n<\/div>\n","protected":false},"excerpt":{"rendered":"<p>Descripci\u00f3n de cookies Una \u201cCookie\u201d es un peque\u00f1o archivo de texto que un sitio web almacena en el navegador del usuario, facilitando la navegaci\u00f3n por una p\u00e1gina web y son esenciales para el funcionamiento de internet. Las cookies se utilizan, por ejemplo, para recordar los\u2026<\/p>\n","protected":false},"author":3,"featured_media":0,"parent":0,"menu_order":0,"comment_status":"closed","ping_status":"closed","template":"","meta":{"_acf_changed":false,"footnotes":""},"class_list":["post-1295","page","type-page","status-publish","hentry"],"acf":[],"yoast_head":"<!-- This site is optimized with the Yoast SEO plugin v27.5 - https:\/\/yoast.com\/product\/yoast-seo-wordpress\/ -->\n<title>Pol\u00edtica de cookies | Projecte Fragments<\/title>\n<meta name=\"robots\" content=\"index, follow, max-snippet:-1, max-image-preview:large, max-video-preview:-1\" \/>\n<link rel=\"canonical\" href=\"http:\/\/projectefragments.com\/es\/politica-de-cookies\/\" \/>\n<meta property=\"og:locale\" content=\"es_ES\" \/>\n<meta property=\"og:type\" content=\"article\" \/>\n<meta property=\"og:title\" content=\"Pol\u00edtica de cookies | Projecte Fragments\" \/>\n<meta property=\"og:description\" content=\"Descripci\u00f3n de cookies Una \u201cCookie\u201d es un peque\u00f1o archivo de texto que un sitio web almacena en el navegador del usuario, facilitando la navegaci\u00f3n por una p\u00e1gina web y son esenciales para el funcionamiento de internet. Las cookies se utilizan, por ejemplo, para recordar los\u2026\" \/>\n<meta property=\"og:url\" content=\"http:\/\/projectefragments.com\/es\/politica-de-cookies\/\" \/>\n<meta property=\"og:site_name\" content=\"Projecte Fragments\" \/>\n<meta property=\"article:publisher\" content=\"https:\/\/www.facebook.com\/projectefragments\/\" \/>\n<meta property=\"article:modified_time\" content=\"2016-09-11T14:00:37+00:00\" \/>\n<meta property=\"og:image\" content=\"http:\/\/projectefragments.com\/fragments_adm\/wp-content\/uploads\/2016\/09\/Previsualizacion-Fragments-FB.jpg\" \/>\n<meta name=\"twitter:card\" content=\"summary_large_image\" \/>\n<meta name=\"twitter:image\" content=\"http:\/\/projectefragments.com\/fragments_adm\/wp-content\/uploads\/2016\/09\/Previsualizacion-Fragments-TWT.jpg\" \/>\n<meta name=\"twitter:site\" content=\"@proj_fragments\" \/>\n<meta name=\"twitter:label1\" content=\"Tiempo de lectura\" \/>\n\t<meta name=\"twitter:data1\" content=\"6 minutos\" \/>\n<script type=\"application\/ld+json\" class=\"yoast-schema-graph\">{\"@context\":\"https:\\\/\\\/schema.org\",\"@graph\":[{\"@type\":\"WebPage\",\"@id\":\"http:\\\/\\\/projectefragments.com\\\/es\\\/politica-de-cookies\\\/\",\"url\":\"http:\\\/\\\/projectefragments.com\\\/es\\\/politica-de-cookies\\\/\",\"name\":\"Pol\u00edtica de cookies | Projecte Fragments\",\"isPartOf\":{\"@id\":\"http:\\\/\\\/projectefragments.com\\\/#website\"},\"datePublished\":\"2016-09-08T08:42:15+00:00\",\"dateModified\":\"2016-09-11T14:00:37+00:00\",\"breadcrumb\":{\"@id\":\"http:\\\/\\\/projectefragments.com\\\/es\\\/politica-de-cookies\\\/#breadcrumb\"},\"inLanguage\":\"es\",\"potentialAction\":[{\"@type\":\"ReadAction\",\"target\":[\"http:\\\/\\\/projectefragments.com\\\/es\\\/politica-de-cookies\\\/\"]}]},{\"@type\":\"BreadcrumbList\",\"@id\":\"http:\\\/\\\/projectefragments.com\\\/es\\\/politica-de-cookies\\\/#breadcrumb\",\"itemListElement\":[{\"@type\":\"ListItem\",\"position\":1,\"name\":\"Inici\",\"item\":\"http:\\\/\\\/projectefragments.com\\\/es\\\/\"},{\"@type\":\"ListItem\",\"position\":2,\"name\":\"Pol\u00edtica de cookies\"}]},{\"@type\":\"WebSite\",\"@id\":\"http:\\\/\\\/projectefragments.com\\\/#website\",\"url\":\"http:\\\/\\\/projectefragments.com\\\/\",\"name\":\"Projecte Fragments\",\"description\":\"Fotoassaig i mem\u00f2ria visual\",\"potentialAction\":[{\"@type\":\"SearchAction\",\"target\":{\"@type\":\"EntryPoint\",\"urlTemplate\":\"http:\\\/\\\/projectefragments.com\\\/?s={search_term_string}\"},\"query-input\":{\"@type\":\"PropertyValueSpecification\",\"valueRequired\":true,\"valueName\":\"search_term_string\"}}],\"inLanguage\":\"es\"}]}<\/script>\n<!-- \/ Yoast SEO plugin. -->","yoast_head_json":{"title":"Pol\u00edtica de cookies | Projecte Fragments","robots":{"index":"index","follow":"follow","max-snippet":"max-snippet:-1","max-image-preview":"max-image-preview:large","max-video-preview":"max-video-preview:-1"},"canonical":"http:\/\/projectefragments.com\/es\/politica-de-cookies\/","og_locale":"es_ES","og_type":"article","og_title":"Pol\u00edtica de cookies | Projecte Fragments","og_description":"Descripci\u00f3n de cookies Una \u201cCookie\u201d es un peque\u00f1o archivo de texto que un sitio web almacena en el navegador del usuario, facilitando la navegaci\u00f3n por una p\u00e1gina web y son esenciales para el funcionamiento de internet. Las cookies se utilizan, por ejemplo, para recordar los\u2026","og_url":"http:\/\/projectefragments.com\/es\/politica-de-cookies\/","og_site_name":"Projecte Fragments","article_publisher":"https:\/\/www.facebook.com\/projectefragments\/","article_modified_time":"2016-09-11T14:00:37+00:00","og_image":[{"url":"http:\/\/projectefragments.com\/fragments_adm\/wp-content\/uploads\/2016\/09\/Previsualizacion-Fragments-FB.jpg","type":"","width":"","height":""}],"twitter_card":"summary_large_image","twitter_image":"http:\/\/projectefragments.com\/fragments_adm\/wp-content\/uploads\/2016\/09\/Previsualizacion-Fragments-TWT.jpg","twitter_site":"@proj_fragments","twitter_misc":{"Tiempo de lectura":"6 minutos"},"schema":{"@context":"https:\/\/schema.org","@graph":[{"@type":"WebPage","@id":"http:\/\/projectefragments.com\/es\/politica-de-cookies\/","url":"http:\/\/projectefragments.com\/es\/politica-de-cookies\/","name":"Pol\u00edtica de cookies | Projecte Fragments","isPartOf":{"@id":"http:\/\/projectefragments.com\/#website"},"datePublished":"2016-09-08T08:42:15+00:00","dateModified":"2016-09-11T14:00:37+00:00","breadcrumb":{"@id":"http:\/\/projectefragments.com\/es\/politica-de-cookies\/#breadcrumb"},"inLanguage":"es","potentialAction":[{"@type":"ReadAction","target":["http:\/\/projectefragments.com\/es\/politica-de-cookies\/"]}]},{"@type":"BreadcrumbList","@id":"http:\/\/projectefragments.com\/es\/politica-de-cookies\/#breadcrumb","itemListElement":[{"@type":"ListItem","position":1,"name":"Inici","item":"http:\/\/projectefragments.com\/es\/"},{"@type":"ListItem","position":2,"name":"Pol\u00edtica de cookies"}]},{"@type":"WebSite","@id":"http:\/\/projectefragments.com\/#website","url":"http:\/\/projectefragments.com\/","name":"Projecte Fragments","description":"Fotoassaig i mem\u00f2ria visual","potentialAction":[{"@type":"SearchAction","target":{"@type":"EntryPoint","urlTemplate":"http:\/\/projectefragments.com\/?s={search_term_string}"},"query-input":{"@type":"PropertyValueSpecification","valueRequired":true,"valueName":"search_term_string"}}],"inLanguage":"es"}]}},"_links":{"self":[{"href":"http:\/\/projectefragments.com\/es\/wp-json\/wp\/v2\/pages\/1295","targetHints":{"allow":["GET"]}}],"collection":[{"href":"http:\/\/projectefragments.com\/es\/wp-json\/wp\/v2\/pages"}],"about":[{"href":"http:\/\/projectefragments.com\/es\/wp-json\/wp\/v2\/types\/page"}],"author":[{"embeddable":true,"href":"http:\/\/projectefragments.com\/es\/wp-json\/wp\/v2\/users\/3"}],"replies":[{"embeddable":true,"href":"http:\/\/projectefragments.com\/es\/wp-json\/wp\/v2\/comments?post=1295"}],"version-history":[{"count":5,"href":"http:\/\/projectefragments.com\/es\/wp-json\/wp\/v2\/pages\/1295\/revisions"}],"predecessor-version":[{"id":1327,"href":"http:\/\/projectefragments.com\/es\/wp-json\/wp\/v2\/pages\/1295\/revisions\/1327"}],"wp:attachment":[{"href":"http:\/\/projectefragments.com\/es\/wp-json\/wp\/v2\/media?parent=1295"}],"curies":[{"name":"wp","href":"https:\/\/api.w.org\/{rel}","templated":true}]}}